{"id":33552,"date":"2026-03-26T22:30:40","date_gmt":"2026-03-26T21:30:40","guid":{"rendered":"https:\/\/tiendasdyo.com\/?post_type=product&#038;p=33552"},"modified":"2026-03-26T22:30:41","modified_gmt":"2026-03-26T21:30:41","slug":"cartera-steve-madden-7","status":"publish","type":"product","link":"https:\/\/tiendasdyo.com\/index.php\/product\/cartera-steve-madden-7\/","title":{"rendered":"CARTERA STEVE MADDEN"},"content":{"rendered":"<div class=\"AdPoic\" role=\"heading\" aria-level=\"3\" data-animation-nesting=\"\" data-sfc-cp=\"\" data-sfc-root=\"c\" data-sfc-cb=\"\" data-complete=\"true\" data-processed=\"true\" data-sae=\"\">Detalles de los productos:<button class=\"rBl3me\" tabindex=\"0\" data-amic=\"true\" data-icl-uuid=\"97e84a75-f661-4c7f-abb8-b6f0ba9d242f\" aria-label=\"Ver v\u00ednculos relacionados\" data-wiz-attrbind=\"disabled=u82s2e_12\/C5gNJc;aria-label=u82s2e_12\/bOjMyf;class=u82s2e_12\/UpSNec\" data-ved=\"2ahUKEwiR4LD3wL6TAxUGkmoFHXj_NCIQye0OegQIBRAA\" data-hveid=\"CAUQAA\"><\/button><\/div>\n<ul class=\"KsbFXc U6u95\" data-sfc-root=\"c\" data-sfc-cb=\"\" data-complete=\"true\" data-processed=\"true\">\n<li class=\"dF3vjf\" data-sfc-root=\"c\" data-sfc-cb=\"\" data-hveid=\"CAYQAA\" data-complete=\"true\" data-sae=\"\"><span class=\"T286Pc\" data-sfc-cp=\"\" data-sfc-root=\"c\" data-sfc-cb=\"\" data-complete=\"true\"><strong class=\"Yjhzub\" data-sfc-root=\"c\" data-sfc-cb=\"\" data-complete=\"true\">Bolso Tote:<\/strong>\u00a0Es un bolso de tama\u00f1o grande, ideal para el uso diario debido a su amplitud. Presenta un dise\u00f1o de tela con estampado de logotipos, detalles en color blanco y herrajes dorados. Modelos similares se identifican a menudo como el \u00abBmanzo Tote\u00bb o \u00abBLeah Logo Replay Tote\u00bb.<\/span><\/li>\n<li class=\"dF3vjf\" data-sfc-root=\"c\" data-sfc-cb=\"\" data-hveid=\"CAYQAQ\" data-complete=\"true\" data-sae=\"\"><span class=\"T286Pc\" data-sfc-cp=\"\" data-sfc-root=\"c\" data-sfc-cb=\"\" data-complete=\"true\" aria-owns=\"action-menu-parent-container\"><strong class=\"Yjhzub\" data-sfc-root=\"c\" data-sfc-cb=\"\" data-complete=\"true\">Mu\u00f1equera\/Monedero:<\/strong>\u00a0Un accesorio compacto y pr\u00e1ctico dise\u00f1ado para llevar lo esencial. Algunos modelos de este estilo cuentan con doble cierre para una mejor organizaci\u00f3n.<\/span><\/li>\n<\/ul>\n","protected":false},"excerpt":{"rendered":"<p>Detalles de los productos: Bolso Tote:\u00a0Es un bolso de tama\u00f1o grande, ideal para el uso diario debido a su amplitud.<\/p>\n","protected":false},"featured_media":33476,"comment_status":"open","ping_status":"closed","template":"","meta":{"_monsterinsights_skip_tracking":false,"_monsterinsights_sitenote_active":false,"_monsterinsights_sitenote_note":"","_monsterinsights_sitenote_category":0},"product_cat":[55],"product_tag":[],"_links":{"self":[{"href":"https:\/\/tiendasdyo.com\/index.php\/wp-json\/wp\/v2\/product\/33552"}],"collection":[{"href":"https:\/\/tiendasdyo.com\/index.php\/wp-json\/wp\/v2\/product"}],"about":[{"href":"https:\/\/tiendasdyo.com\/index.php\/wp-json\/wp\/v2\/types\/product"}],"replies":[{"embeddable":true,"href":"https:\/\/tiendasdyo.com\/index.php\/wp-json\/wp\/v2\/comments?post=33552"}],"version-history":[{"count":1,"href":"https:\/\/tiendasdyo.com\/index.php\/wp-json\/wp\/v2\/product\/33552\/revisions"}],"predecessor-version":[{"id":33553,"href":"https:\/\/tiendasdyo.com\/index.php\/wp-json\/wp\/v2\/product\/33552\/revisions\/33553"}],"wp:featuredmedia":[{"embeddable":true,"href":"https:\/\/tiendasdyo.com\/index.php\/wp-json\/wp\/v2\/media\/33476"}],"wp:attachment":[{"href":"https:\/\/tiendasdyo.com\/index.php\/wp-json\/wp\/v2\/media?parent=33552"}],"wp:term":[{"taxonomy":"product_cat","embeddable":true,"href":"https:\/\/tiendasdyo.com\/index.php\/wp-json\/wp\/v2\/product_cat?post=33552"},{"taxonomy":"product_tag","embeddable":true,"href":"https:\/\/tiendasdyo.com\/index.php\/wp-json\/wp\/v2\/product_tag?post=33552"}],"curies":[{"name":"wp","href":"https:\/\/api.w.org\/{rel}","templated":true}]}}