{"id":33605,"date":"2026-03-30T19:52:28","date_gmt":"2026-03-30T17:52:28","guid":{"rendered":"https:\/\/tiendasdyo.com\/?post_type=product&#038;p=33605"},"modified":"2026-03-30T19:56:11","modified_gmt":"2026-03-30T17:56:11","slug":"sandalias-steve-madden-4","status":"publish","type":"product","link":"https:\/\/tiendasdyo.com\/index.php\/product\/sandalias-steve-madden-4\/","title":{"rendered":"SANDALIAS STEVE MADDEN"},"content":{"rendered":"<div class=\"AdPoic\" role=\"heading\" aria-level=\"3\" data-animation-nesting=\"\" data-sfc-cp=\"\" data-sfc-root=\"c\" data-sfc-cb=\"\" data-complete=\"true\" data-processed=\"true\" data-sae=\"\">\n<div class=\"AdPoic\" role=\"heading\" aria-level=\"3\" data-animation-nesting=\"\" data-sfc-cp=\"\" data-sfc-root=\"c\" data-sfc-cb=\"\" data-complete=\"true\" data-processed=\"true\" data-sae=\"\">\n<div class=\"AdPoic\" role=\"heading\" aria-level=\"3\" data-animation-nesting=\"\" data-sfc-cp=\"\" data-sfc-root=\"c\" data-sfc-cb=\"\" data-complete=\"true\" data-processed=\"true\" data-sae=\"\">Detalles del producto<button class=\"rBl3me\" tabindex=\"0\" data-amic=\"true\" data-icl-uuid=\"db294a04-05ed-432e-9a83-1cf37b3d216b\" aria-label=\"Ver v\u00ednculos relacionados\" data-wiz-attrbind=\"disabled=uEM2Nc_11\/C5gNJc;aria-label=uEM2Nc_11\/bOjMyf;class=uEM2Nc_11\/UpSNec\" data-ved=\"2ahUKEwiHjvfHmMiTAxWrnSYFHdH1N98Qye0OegQIBhAA\" data-hveid=\"CAYQAA\"><\/button><\/div>\n<ul class=\"KsbFXc U6u95\" data-sfc-root=\"c\" data-sfc-cb=\"\" data-complete=\"true\" data-processed=\"true\">\n<li class=\"dF3vjf\" data-sfc-root=\"c\" data-sfc-cb=\"\" data-hveid=\"CAcQAA\" data-complete=\"true\" data-sae=\"\"><span class=\"T286Pc\" data-sfc-cp=\"\" data-sfc-root=\"c\" data-sfc-cb=\"\" data-complete=\"true\"><strong class=\"Yjhzub\" data-sfc-root=\"c\" data-sfc-cb=\"\" data-complete=\"true\">Marca:<\/strong>\u00a0Steve Madden.<\/span><\/li>\n<li class=\"dF3vjf\" data-sfc-root=\"c\" data-sfc-cb=\"\" data-hveid=\"CAcQAQ\" data-complete=\"true\" data-sae=\"\"><span class=\"T286Pc\" data-sfc-cp=\"\" data-sfc-root=\"c\" data-sfc-cb=\"\" data-complete=\"true\"><strong class=\"Yjhzub\" data-sfc-root=\"c\" data-sfc-cb=\"\" data-complete=\"true\">Modelo:<\/strong>\u00a0Jellie.<\/span><\/li>\n<li class=\"dF3vjf\" data-sfc-root=\"c\" data-sfc-cb=\"\" data-hveid=\"CAcQAg\" data-complete=\"true\" data-sae=\"\"><span class=\"T286Pc\" data-sfc-cp=\"\" data-sfc-root=\"c\" data-sfc-cb=\"\" data-complete=\"true\"><strong class=\"Yjhzub\" data-sfc-root=\"c\" data-sfc-cb=\"\" data-complete=\"true\">Estilo:<\/strong>\u00a0Sandalia plana tipo\u00a0<em class=\"eujQNb\" data-sfc-root=\"c\" data-sfc-cb=\"\" data-complete=\"true\">slide<\/em>\u00a0con punta cuadrada y aberturas decorativas en la correa.<\/span><\/li>\n<li class=\"dF3vjf\" data-sfc-root=\"c\" data-sfc-cb=\"\" data-hveid=\"CAcQAw\" data-complete=\"true\" data-sae=\"\"><span class=\"T286Pc\" data-sfc-cp=\"\" data-sfc-root=\"c\" data-sfc-cb=\"\" data-complete=\"true\"><strong class=\"Yjhzub\" data-sfc-root=\"c\" data-sfc-cb=\"\" data-complete=\"true\">Material:<\/strong>\u00a0Generalmente fabricadas en material sint\u00e9tico (TPU o poliuretano) con suela de caucho.<\/span><\/li>\n<li class=\"dF3vjf\" data-sfc-root=\"c\" data-sfc-cb=\"\" data-hveid=\"CAcQBA\" data-complete=\"true\" data-sae=\"\"><span class=\"T286Pc\" data-sfc-cp=\"\" data-sfc-root=\"c\" data-sfc-cb=\"\" data-complete=\"true\" aria-owns=\"action-menu-parent-container\"><strong class=\"Yjhzub\" data-sfc-root=\"c\" data-sfc-cb=\"\" data-complete=\"true\">Ajuste:<\/strong>\u00a0Seg\u00fan rese\u00f1as de usuarios, estas sandalias suelen venir en tallas peque\u00f1as, por lo que se recomienda considerar una talla m\u00e1s grande de la habitual.<\/span><\/li>\n<\/ul>\n<\/div>\n<\/div>\n","protected":false},"excerpt":{"rendered":"<p>Detalles del producto Marca:\u00a0Steve Madden. Modelo:\u00a0Jellie. Estilo:\u00a0Sandalia plana tipo\u00a0slide\u00a0con punta cuadrada y aberturas decorativas en la correa. Material:\u00a0Generalmente fabricadas en<\/p>\n","protected":false},"featured_media":33588,"comment_status":"open","ping_status":"closed","template":"","meta":{"_monsterinsights_skip_tracking":false,"_monsterinsights_sitenote_active":false,"_monsterinsights_sitenote_note":"","_monsterinsights_sitenote_category":0},"product_cat":[59],"product_tag":[],"_links":{"self":[{"href":"https:\/\/tiendasdyo.com\/index.php\/wp-json\/wp\/v2\/product\/33605"}],"collection":[{"href":"https:\/\/tiendasdyo.com\/index.php\/wp-json\/wp\/v2\/product"}],"about":[{"href":"https:\/\/tiendasdyo.com\/index.php\/wp-json\/wp\/v2\/types\/product"}],"replies":[{"embeddable":true,"href":"https:\/\/tiendasdyo.com\/index.php\/wp-json\/wp\/v2\/comments?post=33605"}],"version-history":[{"count":1,"href":"https:\/\/tiendasdyo.com\/index.php\/wp-json\/wp\/v2\/product\/33605\/revisions"}],"predecessor-version":[{"id":33608,"href":"https:\/\/tiendasdyo.com\/index.php\/wp-json\/wp\/v2\/product\/33605\/revisions\/33608"}],"wp:featuredmedia":[{"embeddable":true,"href":"https:\/\/tiendasdyo.com\/index.php\/wp-json\/wp\/v2\/media\/33588"}],"wp:attachment":[{"href":"https:\/\/tiendasdyo.com\/index.php\/wp-json\/wp\/v2\/media?parent=33605"}],"wp:term":[{"taxonomy":"product_cat","embeddable":true,"href":"https:\/\/tiendasdyo.com\/index.php\/wp-json\/wp\/v2\/product_cat?post=33605"},{"taxonomy":"product_tag","embeddable":true,"href":"https:\/\/tiendasdyo.com\/index.php\/wp-json\/wp\/v2\/product_tag?post=33605"}],"curies":[{"name":"wp","href":"https:\/\/api.w.org\/{rel}","templated":true}]}}