{"id":33696,"date":"2026-03-31T22:58:15","date_gmt":"2026-03-31T20:58:15","guid":{"rendered":"https:\/\/tiendasdyo.com\/?post_type=product&#038;p=33696"},"modified":"2026-03-31T22:58:15","modified_gmt":"2026-03-31T20:58:15","slug":"monedero-guess-4","status":"publish","type":"product","link":"https:\/\/tiendasdyo.com\/index.php\/product\/monedero-guess-4\/","title":{"rendered":"MONEDERO GUESS"},"content":{"rendered":"<div class=\"otQkpb\" role=\"heading\" aria-level=\"3\" data-animation-nesting=\"\" data-sfc-cp=\"\" data-sfc-root=\"c\" data-sfc-cb=\"\" data-complete=\"true\" data-processed=\"true\" data-sae=\"\">Caracter\u00edsticas del Dise\u00f1o<button class=\"rBl3me\" tabindex=\"0\" data-amic=\"true\" data-icl-uuid=\"b09a99c4-2ddc-4d08-b322-878072649edc\" aria-label=\"Ver v\u00ednculos relacionados\" data-wiz-attrbind=\"disabled=fzRMad_18\/C5gNJc;aria-label=fzRMad_18\/bOjMyf;class=fzRMad_18\/UpSNec\" data-ved=\"2ahUKEwiA-_S-g8uTAxX0g2oFHTjrErgQye0OegQIBxAA\" data-hveid=\"CAcQAA\"><\/button><\/div>\n<ul class=\"KsbFXc U6u95\" data-sfc-root=\"c\" data-sfc-cb=\"\" data-complete=\"true\" data-processed=\"true\">\n<li class=\"dF3vjf\" data-sfc-root=\"c\" data-sfc-cb=\"\" data-hveid=\"CAgQAA\" data-complete=\"true\" data-sae=\"\"><span class=\"T286Pc\" data-sfc-cp=\"\" data-sfc-root=\"c\" data-sfc-cb=\"\" data-complete=\"true\"><strong class=\"Yjhzub\" data-sfc-root=\"c\" data-sfc-cb=\"\" data-complete=\"true\">Material:<\/strong>\u00a0Confeccionada t\u00edpicamente en lona revestida o cuero sint\u00e9tico (PU) con un acabado texturizado.<\/span><\/li>\n<li class=\"dF3vjf\" data-sfc-root=\"c\" data-sfc-cb=\"\" data-hveid=\"CAgQAQ\" data-complete=\"true\" data-sae=\"\"><span class=\"T286Pc\" data-sfc-cp=\"\" data-sfc-root=\"c\" data-sfc-cb=\"\" data-complete=\"true\"><strong class=\"Yjhzub\" data-sfc-root=\"c\" data-sfc-cb=\"\" data-complete=\"true\">Estampado:<\/strong>\u00a0Presenta el monograma del logotipo de la marca en tonos marrones y beige (frecuentemente llamado color \u00abNatural\u00bb o \u00abLatte\u00bb).<\/span><\/li>\n<li class=\"dF3vjf\" data-sfc-root=\"c\" data-sfc-cb=\"\" data-hveid=\"CAgQAg\" data-complete=\"true\" data-sae=\"\"><span class=\"T286Pc\" data-sfc-cp=\"\" data-sfc-root=\"c\" data-sfc-cb=\"\" data-complete=\"true\"><strong class=\"Yjhzub\" data-sfc-root=\"c\" data-sfc-cb=\"\" data-complete=\"true\">Logotipo:<\/strong>\u00a0Incluye una placa met\u00e1lica triangular con el logo de \u00abGuess USA\u00bb en el centro de la solapa.<\/span><\/li>\n<li class=\"dF3vjf\" data-sfc-root=\"c\" data-sfc-cb=\"\" data-hveid=\"CAgQAw\" data-complete=\"true\" data-sae=\"\"><span class=\"T286Pc\" data-sfc-cp=\"\" data-sfc-root=\"c\" data-sfc-cb=\"\" data-complete=\"true\"><strong class=\"Yjhzub\" data-sfc-root=\"c\" data-sfc-cb=\"\" data-complete=\"true\">Funcionalidad:<\/strong>\u00a0Dependiendo del modelo espec\u00edfico, puede funcionar como una cartera plegable (trifold) con m\u00faltiples ranuras para tarjetas o como un bolso peque\u00f1o tipo \u00abclutch\u00bb con una correa desmontable para usar cruzado.<\/span><\/li>\n<\/ul>\n","protected":false},"excerpt":{"rendered":"<p>Caracter\u00edsticas del Dise\u00f1o Material:\u00a0Confeccionada t\u00edpicamente en lona revestida o cuero sint\u00e9tico (PU) con un acabado texturizado. Estampado:\u00a0Presenta el monograma del<\/p>\n","protected":false},"featured_media":33668,"comment_status":"open","ping_status":"closed","template":"","meta":{"_monsterinsights_skip_tracking":false,"_monsterinsights_sitenote_active":false,"_monsterinsights_sitenote_note":"","_monsterinsights_sitenote_category":0},"product_cat":[51],"product_tag":[],"_links":{"self":[{"href":"https:\/\/tiendasdyo.com\/index.php\/wp-json\/wp\/v2\/product\/33696"}],"collection":[{"href":"https:\/\/tiendasdyo.com\/index.php\/wp-json\/wp\/v2\/product"}],"about":[{"href":"https:\/\/tiendasdyo.com\/index.php\/wp-json\/wp\/v2\/types\/product"}],"replies":[{"embeddable":true,"href":"https:\/\/tiendasdyo.com\/index.php\/wp-json\/wp\/v2\/comments?post=33696"}],"version-history":[{"count":1,"href":"https:\/\/tiendasdyo.com\/index.php\/wp-json\/wp\/v2\/product\/33696\/revisions"}],"predecessor-version":[{"id":33697,"href":"https:\/\/tiendasdyo.com\/index.php\/wp-json\/wp\/v2\/product\/33696\/revisions\/33697"}],"wp:featuredmedia":[{"embeddable":true,"href":"https:\/\/tiendasdyo.com\/index.php\/wp-json\/wp\/v2\/media\/33668"}],"wp:attachment":[{"href":"https:\/\/tiendasdyo.com\/index.php\/wp-json\/wp\/v2\/media?parent=33696"}],"wp:term":[{"taxonomy":"product_cat","embeddable":true,"href":"https:\/\/tiendasdyo.com\/index.php\/wp-json\/wp\/v2\/product_cat?post=33696"},{"taxonomy":"product_tag","embeddable":true,"href":"https:\/\/tiendasdyo.com\/index.php\/wp-json\/wp\/v2\/product_tag?post=33696"}],"curies":[{"name":"wp","href":"https:\/\/api.w.org\/{rel}","templated":true}]}}