{"id":33698,"date":"2026-03-31T23:01:38","date_gmt":"2026-03-31T21:01:38","guid":{"rendered":"https:\/\/tiendasdyo.com\/?post_type=product&#038;p=33698"},"modified":"2026-03-31T23:25:00","modified_gmt":"2026-03-31T21:25:00","slug":"monedero-guess-5","status":"publish","type":"product","link":"https:\/\/tiendasdyo.com\/index.php\/product\/monedero-guess-5\/","title":{"rendered":"MONEDERO GUESS"},"content":{"rendered":"<div class=\"WaaZC\">\n<div class=\"RJPOee EIJn2\">\n<div class=\"rPeykc uP58nb\" data-hveid=\"CAMQAQ\" data-ved=\"2ahUKEwivkKGfhMuTAxVF1fACHUYcMBcQo_EKegQIAxAB\">\n<p><span data-huuid=\"5949272166021100800\"><span role=\"heading\" aria-level=\"2\">Esta es una billetera de la marca\u00a0<strong>Guess<\/strong>\u00a0con estampado de logo.<\/span><span class=\"pjBG2e\" data-cid=\"2d3ab319-f415-4cda-a21e-8a7a091a9a43\"><span class=\"UV3uM\">\u00a0<\/span><\/span><\/span><\/p>\n<div class=\"NPrrbc\" data-cid=\"2d3ab319-f415-4cda-a21e-8a7a091a9a43\" data-uuids=\"5949272166021100800\">\n<div class=\"BMebGe btku5b FR7ZSc OJeuxf\" tabindex=\"0\" role=\"button\" aria-label=\"Ver v\u00ednculos relacionados\" data-hveid=\"CAIQAQ\" data-ved=\"2ahUKEwivkKGfhMuTAxVF1fACHUYcMBcQ3fYKegQIAhAB\">\n<div class=\"niO4u B6OMee\"><\/div>\n<\/div>\n<\/div>\n<\/div>\n<\/div>\n<\/div>\n<div class=\"WaaZC\">\n<div class=\"RJPOee EIJn2\">\n<ul data-hveid=\"CBUQAQ\" data-ved=\"2ahUKEwivkKGfhMuTAxVF1fACHUYcMBcQm_YKegQIFRAB\">\n<li><span data-huuid=\"5949272166021100823\"><strong>Marca:<\/strong>\u00a0Guess<span class=\"pjBG2e\" data-cid=\"889a4764-eb77-4e0c-affb-f1fb60980f4f\"><span class=\"UV3uM\">\u00a0<\/span><\/span><\/span>\n<div class=\"NPrrbc\" data-cid=\"889a4764-eb77-4e0c-affb-f1fb60980f4f\" data-uuids=\"5949272166021100823\">\n<div class=\"BMebGe btku5b FR7ZSc OJeuxf\" tabindex=\"0\" role=\"button\" aria-label=\"Ver v\u00ednculos relacionados\" data-hveid=\"CAcQAQ\" data-ved=\"2ahUKEwivkKGfhMuTAxVF1fACHUYcMBcQ3fYKegQIBxAB\">\n<div class=\"niO4u B6OMee\"><\/div>\n<\/div>\n<\/div>\n<\/li>\n<li><span data-huuid=\"5949272166021103569\"><strong>Tipo:<\/strong>\u00a0Billetera peque\u00f1a con cremallera o bot\u00f3n a presi\u00f3n<span class=\"pjBG2e\" data-cid=\"5a155f20-c5d4-4e6e-8424-d394af656aef\"><span class=\"UV3uM\">\u00a0<\/span><\/span><\/span>\n<div class=\"NPrrbc\" data-cid=\"5a155f20-c5d4-4e6e-8424-d394af656aef\" data-uuids=\"5949272166021103569\">\n<div class=\"BMebGe btku5b FR7ZSc OJeuxf\" tabindex=\"0\" role=\"button\" aria-label=\"Ver v\u00ednculos relacionados\" data-hveid=\"CBEQAQ\" data-ved=\"2ahUKEwivkKGfhMuTAxVF1fACHUYcMBcQ3fYKegQIERAB\">\n<div class=\"niO4u B6OMee\"><\/div>\n<\/div>\n<\/div>\n<\/li>\n<li><span data-huuid=\"5949272166021102219\"><strong>Dise\u00f1o:<\/strong>\u00a0Estampado completo con el logo de la marca y placa met\u00e1lica frontal<span class=\"pjBG2e\" data-cid=\"4ba59556-b237-4376-b92b-4fd7744a207c\"><span class=\"UV3uM\">\u00a0<\/span><\/span><\/span><\/li>\n<\/ul>\n<\/div>\n<\/div>\n","protected":false},"excerpt":{"rendered":"<p>Esta es una billetera de la marca\u00a0Guess\u00a0con estampado de logo.\u00a0 Marca:\u00a0Guess\u00a0 Tipo:\u00a0Billetera peque\u00f1a con cremallera o bot\u00f3n a presi\u00f3n\u00a0 Dise\u00f1o:\u00a0Estampado<\/p>\n","protected":false},"featured_media":33675,"comment_status":"open","ping_status":"closed","template":"","meta":{"_monsterinsights_skip_tracking":false,"_monsterinsights_sitenote_active":false,"_monsterinsights_sitenote_note":"","_monsterinsights_sitenote_category":0},"product_cat":[51],"product_tag":[],"_links":{"self":[{"href":"https:\/\/tiendasdyo.com\/index.php\/wp-json\/wp\/v2\/product\/33698"}],"collection":[{"href":"https:\/\/tiendasdyo.com\/index.php\/wp-json\/wp\/v2\/product"}],"about":[{"href":"https:\/\/tiendasdyo.com\/index.php\/wp-json\/wp\/v2\/types\/product"}],"replies":[{"embeddable":true,"href":"https:\/\/tiendasdyo.com\/index.php\/wp-json\/wp\/v2\/comments?post=33698"}],"version-history":[{"count":2,"href":"https:\/\/tiendasdyo.com\/index.php\/wp-json\/wp\/v2\/product\/33698\/revisions"}],"predecessor-version":[{"id":33704,"href":"https:\/\/tiendasdyo.com\/index.php\/wp-json\/wp\/v2\/product\/33698\/revisions\/33704"}],"wp:featuredmedia":[{"embeddable":true,"href":"https:\/\/tiendasdyo.com\/index.php\/wp-json\/wp\/v2\/media\/33675"}],"wp:attachment":[{"href":"https:\/\/tiendasdyo.com\/index.php\/wp-json\/wp\/v2\/media?parent=33698"}],"wp:term":[{"taxonomy":"product_cat","embeddable":true,"href":"https:\/\/tiendasdyo.com\/index.php\/wp-json\/wp\/v2\/product_cat?post=33698"},{"taxonomy":"product_tag","embeddable":true,"href":"https:\/\/tiendasdyo.com\/index.php\/wp-json\/wp\/v2\/product_tag?post=33698"}],"curies":[{"name":"wp","href":"https:\/\/api.w.org\/{rel}","templated":true}]}}