{"id":33739,"date":"2026-04-07T23:00:12","date_gmt":"2026-04-07T21:00:12","guid":{"rendered":"https:\/\/tiendasdyo.com\/?post_type=product&#038;p=33739"},"modified":"2026-04-07T23:00:35","modified_gmt":"2026-04-07T21:00:35","slug":"love-spell-2","status":"publish","type":"product","link":"https:\/\/tiendasdyo.com\/index.php\/product\/love-spell-2\/","title":{"rendered":"LOVE SPELL"},"content":{"rendered":"<p><span data-sfc-root=\"c\" data-wiz-uids=\"TMcyed_f\" data-sfc-cb=\"\" data-processed=\"true\"><a class=\"GI370e\" href=\"https:\/\/www.google.com\/search?q=Amber+Romance+de+Victoria%27s+Secret&amp;rlz=1C1RXQR_enHN1105HN1105&amp;oq=A+QUE+HUELE+AMBER+R&amp;gs_lcrp=EgZjaHJvbWUqBwgAEAAYgAQyBwgAEAAYgAQyBggBEEUYOTIHCAIQABiABDIHCAMQABiABDIHCAQQABiABDIICAUQABgWGB4yCAgGEAAYFhgeMggIBxAAGBYYHjIICAgQABgWGB4yCAgJEAAYFhge0gEINTQ3MGowajeoAgCwAgA&amp;sourceid=chrome&amp;ie=UTF-8&amp;mstk=AUtExfDRbXzbTtkwx85qdf8nKWPM7Bd_FIlRQdy2oSoxbTc62wJslnjCITtwy9Sk_kCN3EBMk3ZVhdi8adhYdyikHJ7q117QY9VXBjDDlqQ4ZMBM5XJN-rQ1AumMvLrWqDP2i84erZGgH8K6weEsHRMBHlGTAidO2hfmKFBOhT2ntz8-wpY&amp;csui=3&amp;ved=2ahUKEwiHrbGH0NyTAxUgnCYFHXYVHDwQgK4QegQIARAB\" data-ved=\"2ahUKEwiHrbGH0NyTAxUgnCYFHXYVHDwQgK4QegQIARAB\" data-hveid=\"CAEQAQ\" data-processed=\"true\">Love Spell de Victoria&#8217;s Secret es una fragancia ic\u00f3nica floral-frutal, conocida por su aroma dulce, vibrante y juvenil.\u00a0<mark class=\"HxTRcb\" data-sfc-root=\"c\" data-sfc-cb=\"\" data-processed=\"true\">Sus notas principales son el durazno (melocot\u00f3n) y la flor de cerezo, acompa\u00f1adas de toques de manzana roja, lila y jazm\u00edn<\/mark>, lo que resulta en una fragancia fresca, coqueta y muy reconocible.<\/a><\/span><\/p>\n","protected":false},"excerpt":{"rendered":"<p>Love Spell de Victoria&#8217;s Secret es una fragancia ic\u00f3nica floral-frutal, conocida por su aroma dulce, vibrante y juvenil.\u00a0Sus notas principales<\/p>\n","protected":false},"featured_media":33719,"comment_status":"open","ping_status":"closed","template":"","meta":{"_monsterinsights_skip_tracking":false,"_monsterinsights_sitenote_active":false,"_monsterinsights_sitenote_note":"","_monsterinsights_sitenote_category":0},"product_cat":[380],"product_tag":[],"_links":{"self":[{"href":"https:\/\/tiendasdyo.com\/index.php\/wp-json\/wp\/v2\/product\/33739"}],"collection":[{"href":"https:\/\/tiendasdyo.com\/index.php\/wp-json\/wp\/v2\/product"}],"about":[{"href":"https:\/\/tiendasdyo.com\/index.php\/wp-json\/wp\/v2\/types\/product"}],"replies":[{"embeddable":true,"href":"https:\/\/tiendasdyo.com\/index.php\/wp-json\/wp\/v2\/comments?post=33739"}],"version-history":[{"count":1,"href":"https:\/\/tiendasdyo.com\/index.php\/wp-json\/wp\/v2\/product\/33739\/revisions"}],"predecessor-version":[{"id":33740,"href":"https:\/\/tiendasdyo.com\/index.php\/wp-json\/wp\/v2\/product\/33739\/revisions\/33740"}],"wp:featuredmedia":[{"embeddable":true,"href":"https:\/\/tiendasdyo.com\/index.php\/wp-json\/wp\/v2\/media\/33719"}],"wp:attachment":[{"href":"https:\/\/tiendasdyo.com\/index.php\/wp-json\/wp\/v2\/media?parent=33739"}],"wp:term":[{"taxonomy":"product_cat","embeddable":true,"href":"https:\/\/tiendasdyo.com\/index.php\/wp-json\/wp\/v2\/product_cat?post=33739"},{"taxonomy":"product_tag","embeddable":true,"href":"https:\/\/tiendasdyo.com\/index.php\/wp-json\/wp\/v2\/product_tag?post=33739"}],"curies":[{"name":"wp","href":"https:\/\/api.w.org\/{rel}","templated":true}]}}