{"id":33835,"date":"2026-04-22T20:22:30","date_gmt":"2026-04-22T18:22:30","guid":{"rendered":"https:\/\/tiendasdyo.com\/?post_type=product&#038;p=33835"},"modified":"2026-04-22T20:22:30","modified_gmt":"2026-04-22T18:22:30","slug":"club-de-nuit-woman","status":"publish","type":"product","link":"https:\/\/tiendasdyo.com\/index.php\/product\/club-de-nuit-woman\/","title":{"rendered":"CLUB DE NUIT WOMAN"},"content":{"rendered":"<div class=\"Y3BBE\" data-sfc-cp=\"\" data-sfc-root=\"c\" data-sfc-cb=\"\" data-hveid=\"CAEIBRAA\" data-complete=\"true\" data-processed=\"true\">El aroma se describe como una mezcla equilibrada de frescura c\u00edtrica, un coraz\u00f3n rom\u00e1ntico y una base c\u00e1lida y seductora:<span class=\"uJ19be notranslate\" data-sfc-root=\"c\" data-wiz-uids=\"rnEjce_11,rnEjce_12\" data-sfc-cb=\"\" data-complete=\"true\" data-processed=\"true\"><span class=\"vKEkVd\" data-animation-atomic=\"\" data-wiz-attrbind=\"class=rnEjce_10\/TKHnVd\" data-sae=\"\"><span aria-hidden=\"true\">\u00a0<\/span><button class=\"rBl3me IWyTpf pjvauc\" tabindex=\"0\" data-amic=\"true\" data-icl-uuid=\"bb388d9f-6c61-4d03-8b19-b4febc13bbb5\" aria-label=\"Kriz Reales Studio - Ver v\u00ednculos relacionados\" data-wiz-attrbind=\"disabled=rnEjce_10\/C5gNJc;aria-label=rnEjce_10\/bOjMyf;class=rnEjce_10\/UpSNec\" data-ved=\"2ahUKEwia5fTdiYKUAxXrRjABHar1OLoQye0OegYIAQgFEAE\" data-hveid=\"CAEIBRAB\"><\/button><\/span><\/span><\/p>\n<div class=\"Fwa2Od\" data-animation-skip=\"\" data-sfc-cp=\"\" data-sfc-root=\"c\" data-sfc-cb=\"\" data-ved=\"2ahUKEwia5fTdiYKUAxXrRjABHar1OLoQ3s0SegYIAQgFEAI\" data-complete=\"true\"><img decoding=\"async\" id=\"img-yhHpaZrYMuuNwbkPquvj0Qs_2\" class=\"lXbsme\" src=\"https:\/\/encrypted-tbn2.gstatic.com\/faviconV2?url=https:\/\/krizrealestudio.com&amp;client=AIM&amp;size=128&amp;type=FAVICON&amp;fallback_opts=TYPE,SIZE,URL\" alt=\"Kriz Reales Studio\" data-deferred=\"3\" data-imglogged=\"true\" data-aatf=\"1\" data-imgprocessed=\"true\" \/><span class=\"wJwe6c\"><span class=\"iFMVXd\">Kriz Reales Studio<\/span><\/span><\/div>\n<\/div>\n<ul class=\"KsbFXc U6u95\" data-sfc-root=\"c\" data-sfc-cb=\"\" data-complete=\"true\" data-processed=\"true\">\n<li class=\"Z1qcYe\" data-sfc-cp=\"\" data-sfc-root=\"c\" data-sfc-cb=\"\" data-hveid=\"CAEIBhAA\" data-complete=\"true\" data-sae=\"\"><span class=\"T286Pc\" data-sfc-cp=\"\" data-sfc-root=\"c\" data-sfc-cb=\"\" data-complete=\"true\"><strong class=\"Yjhzub\" data-sfc-root=\"c\" data-sfc-cb=\"\" data-complete=\"true\">Notas de Salida:<\/strong>\u00a0Una apertura vibrante con\u00a0<strong class=\"Yjhzub\" data-sfc-root=\"c\" data-sfc-cb=\"\" data-complete=\"true\">naranja<\/strong>,\u00a0<strong class=\"Yjhzub\" data-sfc-root=\"c\" data-sfc-cb=\"\" data-complete=\"true\">bergamota<\/strong>,\u00a0<strong class=\"Yjhzub\" data-sfc-root=\"c\" data-sfc-cb=\"\" data-complete=\"true\">toronja<\/strong>\u00a0(pomelo) y\u00a0<strong class=\"Yjhzub\" data-sfc-root=\"c\" data-sfc-cb=\"\" data-complete=\"true\">durazno<\/strong>.<\/span><\/li>\n<li class=\"Z1qcYe\" data-sfc-cp=\"\" data-sfc-root=\"c\" data-sfc-cb=\"\" data-hveid=\"CAEIBhAB\" data-complete=\"true\" data-sae=\"\"><span class=\"T286Pc\" data-sfc-cp=\"\" data-sfc-root=\"c\" data-sfc-cb=\"\" data-complete=\"true\"><strong class=\"Yjhzub\" data-sfc-root=\"c\" data-sfc-cb=\"\" data-complete=\"true\">Notas de Coraz\u00f3n:<\/strong>\u00a0Un bouquet floral que incluye\u00a0<strong class=\"Yjhzub\" data-sfc-root=\"c\" data-sfc-cb=\"\" data-complete=\"true\">rosa<\/strong>,\u00a0<strong class=\"Yjhzub\" data-sfc-root=\"c\" data-sfc-cb=\"\" data-complete=\"true\">jazm\u00edn<\/strong>,\u00a0<strong class=\"Yjhzub\" data-sfc-root=\"c\" data-sfc-cb=\"\" data-complete=\"true\">geranio<\/strong>\u00a0y un toque dulce de\u00a0<strong class=\"Yjhzub\" data-sfc-root=\"c\" data-sfc-cb=\"\" data-complete=\"true\">lichi<\/strong>.<\/span><\/li>\n<li class=\"Z1qcYe\" data-sfc-cp=\"\" data-sfc-root=\"c\" data-sfc-cb=\"\" data-hveid=\"CAEIBhAC\" data-complete=\"true\" data-sae=\"\"><span class=\"T286Pc\" data-sfc-cp=\"\" data-sfc-root=\"c\" data-sfc-cb=\"\" data-complete=\"true\" aria-owns=\"action-menu-parent-container\"><strong class=\"Yjhzub\" data-sfc-root=\"c\" data-sfc-cb=\"\" data-complete=\"true\">Notas de Fondo:<\/strong>\u00a0Una base profunda de\u00a0<strong class=\"Yjhzub\" data-sfc-root=\"c\" data-sfc-cb=\"\" data-complete=\"true\">pachul\u00ed<\/strong>,\u00a0<strong class=\"Yjhzub\" data-sfc-root=\"c\" data-sfc-cb=\"\" data-complete=\"true\">almizcle<\/strong>,\u00a0<strong class=\"Yjhzub\" data-sfc-root=\"c\" data-sfc-cb=\"\" data-complete=\"true\">vainilla<\/strong>\u00a0y\u00a0<strong class=\"Yjhzub\" data-sfc-root=\"c\" data-sfc-cb=\"\" data-complete=\"true\">vetiver<\/strong>.<\/span><\/li>\n<\/ul>\n","protected":false},"excerpt":{"rendered":"<p>El aroma se describe como una mezcla equilibrada de frescura c\u00edtrica, un coraz\u00f3n rom\u00e1ntico y una base c\u00e1lida y seductora:\u00a0<\/p>\n","protected":false},"featured_media":33791,"comment_status":"open","ping_status":"closed","template":"","meta":{"_monsterinsights_skip_tracking":false,"_monsterinsights_sitenote_active":false,"_monsterinsights_sitenote_note":"","_monsterinsights_sitenote_category":0},"product_cat":[52],"product_tag":[],"_links":{"self":[{"href":"https:\/\/tiendasdyo.com\/index.php\/wp-json\/wp\/v2\/product\/33835"}],"collection":[{"href":"https:\/\/tiendasdyo.com\/index.php\/wp-json\/wp\/v2\/product"}],"about":[{"href":"https:\/\/tiendasdyo.com\/index.php\/wp-json\/wp\/v2\/types\/product"}],"replies":[{"embeddable":true,"href":"https:\/\/tiendasdyo.com\/index.php\/wp-json\/wp\/v2\/comments?post=33835"}],"version-history":[{"count":1,"href":"https:\/\/tiendasdyo.com\/index.php\/wp-json\/wp\/v2\/product\/33835\/revisions"}],"predecessor-version":[{"id":33836,"href":"https:\/\/tiendasdyo.com\/index.php\/wp-json\/wp\/v2\/product\/33835\/revisions\/33836"}],"wp:featuredmedia":[{"embeddable":true,"href":"https:\/\/tiendasdyo.com\/index.php\/wp-json\/wp\/v2\/media\/33791"}],"wp:attachment":[{"href":"https:\/\/tiendasdyo.com\/index.php\/wp-json\/wp\/v2\/media?parent=33835"}],"wp:term":[{"taxonomy":"product_cat","embeddable":true,"href":"https:\/\/tiendasdyo.com\/index.php\/wp-json\/wp\/v2\/product_cat?post=33835"},{"taxonomy":"product_tag","embeddable":true,"href":"https:\/\/tiendasdyo.com\/index.php\/wp-json\/wp\/v2\/product_tag?post=33835"}],"curies":[{"name":"wp","href":"https:\/\/api.w.org\/{rel}","templated":true}]}}