{"id":33845,"date":"2026-04-22T20:48:16","date_gmt":"2026-04-22T18:48:16","guid":{"rendered":"https:\/\/tiendasdyo.com\/?post_type=product&#038;p=33845"},"modified":"2026-04-22T20:48:16","modified_gmt":"2026-04-22T18:48:16","slug":"good-girl-carolina-herrera-blush","status":"publish","type":"product","link":"https:\/\/tiendasdyo.com\/index.php\/product\/good-girl-carolina-herrera-blush\/","title":{"rendered":"GOOD GIRL CAROLINA HERRERA BLUSH"},"content":{"rendered":"<div class=\"Y3BBE\" data-sfc-cp=\"\" data-sfc-root=\"c\" data-sfc-cb=\"\" data-hveid=\"CAEIBBAA\" data-complete=\"true\" data-processed=\"true\">Su composici\u00f3n se basa en un juego de contrastes entre frescura c\u00edtrica, flores ex\u00f3ticas y una base dulce y cremosa:<span class=\"uJ19be notranslate\" data-sfc-root=\"c\" data-wiz-uids=\"qWCNif_y,qWCNif_z\" data-sfc-cb=\"\" data-complete=\"true\" data-processed=\"true\"><span class=\"vKEkVd\" data-animation-atomic=\"\" data-wiz-attrbind=\"class=qWCNif_x\/TKHnVd\" data-sae=\"\"><span aria-hidden=\"true\">\u00a0<\/span><button class=\"rBl3me IWyTpf pjvauc\" tabindex=\"0\" data-amic=\"true\" data-icl-uuid=\"169e6c04-6f45-47b1-8518-693f9c04a234\" aria-label=\"Perfumeria Magie HN (m\u00e1s de 1) - Ver v\u00ednculos relacionados\" data-wiz-attrbind=\"disabled=qWCNif_x\/C5gNJc;aria-label=qWCNif_x\/bOjMyf;class=qWCNif_x\/UpSNec\" data-ved=\"2ahUKEwiovPG9j4KUAxWLSTABHeatNKEQye0OegYIAQgEEAE\" data-hveid=\"CAEIBBAB\"><\/button><\/span><\/span><\/div>\n<ul class=\"KsbFXc U6u95\" data-sfc-root=\"c\" data-sfc-cb=\"\" data-complete=\"true\" data-processed=\"true\">\n<li class=\"Z1qcYe\" data-sfc-cp=\"\" data-sfc-root=\"c\" data-sfc-cb=\"\" data-hveid=\"CAEIBRAA\" data-complete=\"true\" data-sae=\"\"><span class=\"T286Pc\" data-sfc-cp=\"\" data-sfc-root=\"c\" data-sfc-cb=\"\" data-complete=\"true\"><strong class=\"Yjhzub\" data-sfc-root=\"c\" data-sfc-cb=\"\" data-complete=\"true\">Notas de Salida (lo primero que hueles):<\/strong>\u00a0Bergamota italiana, mandarina y almendra amarga.<\/span><\/li>\n<li class=\"Z1qcYe\" data-sfc-cp=\"\" data-sfc-root=\"c\" data-sfc-cb=\"\" data-hveid=\"CAEIBRAB\" data-complete=\"true\" data-sae=\"\"><span class=\"T286Pc\" data-sfc-cp=\"\" data-sfc-root=\"c\" data-sfc-cb=\"\" data-complete=\"true\"><strong class=\"Yjhzub\" data-sfc-root=\"c\" data-sfc-cb=\"\" data-complete=\"true\">Notas de Coraz\u00f3n (el cuerpo del perfume):<\/strong>\u00a0Peon\u00eda, ex\u00f3tico ylang-ylang y agua de rosas.<\/span><\/li>\n<li class=\"Z1qcYe\" data-sfc-cp=\"\" data-sfc-root=\"c\" data-sfc-cb=\"\" data-hveid=\"CAEIBRAC\" data-complete=\"true\" data-sae=\"\"><span class=\"T286Pc\" data-sfc-cp=\"\" data-sfc-root=\"c\" data-sfc-cb=\"\" data-complete=\"true\" aria-owns=\"action-menu-parent-container\"><strong class=\"Yjhzub\" data-sfc-root=\"c\" data-sfc-cb=\"\" data-complete=\"true\">Notas de Fondo (lo que perdura):<\/strong>\u00a0Dos tipos de vainilla (de origen sostenible) y haba tonka.<\/span><\/li>\n<\/ul>\n","protected":false},"excerpt":{"rendered":"<p>Su composici\u00f3n se basa en un juego de contrastes entre frescura c\u00edtrica, flores ex\u00f3ticas y una base dulce y cremosa:\u00a0<\/p>\n","protected":false},"featured_media":33798,"comment_status":"open","ping_status":"closed","template":"","meta":{"_monsterinsights_skip_tracking":false,"_monsterinsights_sitenote_active":false,"_monsterinsights_sitenote_note":"","_monsterinsights_sitenote_category":0},"product_cat":[52],"product_tag":[],"_links":{"self":[{"href":"https:\/\/tiendasdyo.com\/index.php\/wp-json\/wp\/v2\/product\/33845"}],"collection":[{"href":"https:\/\/tiendasdyo.com\/index.php\/wp-json\/wp\/v2\/product"}],"about":[{"href":"https:\/\/tiendasdyo.com\/index.php\/wp-json\/wp\/v2\/types\/product"}],"replies":[{"embeddable":true,"href":"https:\/\/tiendasdyo.com\/index.php\/wp-json\/wp\/v2\/comments?post=33845"}],"version-history":[{"count":1,"href":"https:\/\/tiendasdyo.com\/index.php\/wp-json\/wp\/v2\/product\/33845\/revisions"}],"predecessor-version":[{"id":33846,"href":"https:\/\/tiendasdyo.com\/index.php\/wp-json\/wp\/v2\/product\/33845\/revisions\/33846"}],"wp:featuredmedia":[{"embeddable":true,"href":"https:\/\/tiendasdyo.com\/index.php\/wp-json\/wp\/v2\/media\/33798"}],"wp:attachment":[{"href":"https:\/\/tiendasdyo.com\/index.php\/wp-json\/wp\/v2\/media?parent=33845"}],"wp:term":[{"taxonomy":"product_cat","embeddable":true,"href":"https:\/\/tiendasdyo.com\/index.php\/wp-json\/wp\/v2\/product_cat?post=33845"},{"taxonomy":"product_tag","embeddable":true,"href":"https:\/\/tiendasdyo.com\/index.php\/wp-json\/wp\/v2\/product_tag?post=33845"}],"curies":[{"name":"wp","href":"https:\/\/api.w.org\/{rel}","templated":true}]}}