{"id":33925,"date":"2026-04-28T21:46:47","date_gmt":"2026-04-28T19:46:47","guid":{"rendered":"https:\/\/tiendasdyo.com\/?post_type=product&#038;p=33925"},"modified":"2026-04-28T21:46:47","modified_gmt":"2026-04-28T19:46:47","slug":"set-sol-de-janeiro-40","status":"publish","type":"product","link":"https:\/\/tiendasdyo.com\/index.php\/product\/set-sol-de-janeiro-40\/","title":{"rendered":"SET SOL DE JANEIRO #40"},"content":{"rendered":"<div class=\"n6owBd awi2gc\" data-sfc-cp=\"\" data-sfc-root=\"c\" data-sfc-cb=\"\" data-hveid=\"CAEIAhAA\" data-complete=\"true\" data-processed=\"true\"><span data-subtree=\"aimfl\" data-processed=\"true\">El\u00a0<\/span><strong class=\"Yjhzub\" data-sfc-root=\"c\" data-sfc-cb=\"\" data-complete=\"true\" data-processed=\"true\">Sol de Janeiro Bom Dia Bright Jet Set<\/strong>\u00a0es una rutina de tres pasos dise\u00f1ada para iluminar, suavizar y retexturizar la piel, todo en pr\u00e1cticos tama\u00f1os de viaje aprobados por la TSA.<span class=\"uJ19be notranslate\" data-sfc-root=\"c\" data-wiz-uids=\"Xz7dG_j,Xz7dG_k\" data-sfc-cb=\"\" data-complete=\"true\" data-processed=\"true\"><span class=\"vKEkVd\" data-animation-atomic=\"\" data-wiz-attrbind=\"class=Xz7dG_i\/TKHnVd\" data-sae=\"\"><span aria-hidden=\"true\">\u00a0<\/span><button class=\"rBl3me IWyTpf pjvauc\" tabindex=\"0\" data-amic=\"true\" data-icl-uuid=\"0b0abbb9-c62f-4793-9735-9b322d296a7b\" aria-label=\"Sol de Janeiro (m\u00e1s de 1) - Ver v\u00ednculos relacionados\" data-wiz-attrbind=\"disabled=Xz7dG_i\/C5gNJc;aria-label=Xz7dG_i\/bOjMyf;class=Xz7dG_i\/UpSNec\" data-ved=\"2ahUKEwjK4fWIp5GUAxWjSjABHVkrKxoQye0OegYIAQgCEAE\" data-hveid=\"CAEIAhAB\"><\/button><\/span><\/span><\/div>\n<div class=\"Fsg96\" data-sfc-cp=\"\" data-sfc-root=\"c\" data-sfc-cb=\"\" data-complete=\"true\" data-processed=\"true\"><\/div>\n<div class=\"otQkpb\" role=\"heading\" aria-level=\"3\" data-animation-nesting=\"\" data-sfc-cp=\"\" data-sfc-root=\"c\" data-sfc-cb=\"\" data-complete=\"true\" data-processed=\"true\" data-sae=\"\"><strong class=\"Yjhzub\" data-sfc-root=\"c\" data-sfc-cb=\"\" data-complete=\"true\">Contenido del Set<\/strong><button class=\"rBl3me\" tabindex=\"0\" data-amic=\"true\" data-icl-uuid=\"73c59a37-37dd-4f6d-9787-1d1fe79b8a52\" aria-label=\"Ver v\u00ednculos relacionados\" data-wiz-attrbind=\"disabled=Xz7dG_r\/C5gNJc;aria-label=Xz7dG_r\/bOjMyf;class=Xz7dG_r\/UpSNec\" data-ved=\"2ahUKEwjK4fWIp5GUAxWjSjABHVkrKxoQye0OegYIAQgDEAA\" data-hveid=\"CAEIAxAA\"><\/button><\/div>\n<div class=\"n6owBd awi2gc\" data-sfc-cp=\"\" data-sfc-root=\"c\" data-sfc-cb=\"\" data-hveid=\"CAEIBBAA\" data-complete=\"true\" data-processed=\"true\">Este kit incluye tres productos clave con la fragancia\u00a0<strong class=\"Yjhzub\" data-sfc-root=\"c\" data-sfc-cb=\"\" data-complete=\"true\" data-processed=\"true\">Cheirosa &#8217;40<\/strong>:<span class=\"uJ19be notranslate\" data-sfc-root=\"c\" data-wiz-uids=\"Xz7dG_x,Xz7dG_y\" data-sfc-cb=\"\" data-complete=\"true\" data-processed=\"true\"><span class=\"vKEkVd\" data-animation-atomic=\"\" data-wiz-attrbind=\"class=Xz7dG_w\/TKHnVd\" data-sae=\"\"><span aria-hidden=\"true\">\u00a0<\/span><button class=\"rBl3me IWyTpf pjvauc\" tabindex=\"0\" data-amic=\"true\" data-icl-uuid=\"cbfb4afc-b88e-4994-9ed0-c0dee0e80b23\" aria-label=\"Dermatophila (m\u00e1s de 1) - Ver v\u00ednculos relacionados\" data-wiz-attrbind=\"disabled=Xz7dG_w\/C5gNJc;aria-label=Xz7dG_w\/bOjMyf;class=Xz7dG_w\/UpSNec\" data-ved=\"2ahUKEwjK4fWIp5GUAxWjSjABHVkrKxoQye0OegYIAQgEEAE\" data-hveid=\"CAEIBBAB\"><\/button><\/span><\/span><\/p>\n<div class=\"Fwa2Od\" data-animation-skip=\"\" data-sfc-cp=\"\" data-sfc-root=\"c\" data-sfc-cb=\"\" data-ved=\"2ahUKEwjK4fWIp5GUAxWjSjABHVkrKxoQ3s0SegYIAQgEEAI\" data-complete=\"true\"><\/div>\n<\/div>\n<ul class=\"KsbFXc U6u95\" data-sfc-root=\"c\" data-sfc-cb=\"\" data-complete=\"true\" data-processed=\"true\">\n<li class=\"Z1qcYe\" data-sfc-cp=\"\" data-sfc-root=\"c\" data-sfc-cb=\"\" data-hveid=\"CAEIBRAA\" data-complete=\"true\" data-sae=\"\"><span class=\"T286Pc\" data-sfc-cp=\"\" data-sfc-root=\"c\" data-sfc-cb=\"\" data-complete=\"true\"><strong class=\"Yjhzub\" data-sfc-root=\"c\" data-sfc-cb=\"\" data-complete=\"true\">Bom Dia Bright Clarifying Body Wash (90 ml):<\/strong>\u00a0Un gel de ducha que utiliza AHA de frutas y \u00e1cido salic\u00edlico (BHA) para exfoliar suavemente, limpiar los poros y dejar la piel con un aspecto m\u00e1s claro y suave.<\/span><\/li>\n<li class=\"Z1qcYe\" data-sfc-cp=\"\" data-sfc-root=\"c\" data-sfc-cb=\"\" data-hveid=\"CAEIBRAB\" data-complete=\"true\" data-sae=\"\"><span class=\"T286Pc\" data-sfc-cp=\"\" data-sfc-root=\"c\" data-sfc-cb=\"\" data-complete=\"true\"><strong class=\"Yjhzub\" data-sfc-root=\"c\" data-sfc-cb=\"\" data-complete=\"true\">Bom Dia Bright Body Cream (50 ml):<\/strong>\u00a0Crema hidratante diaria formulada con vitamina C para iluminar visiblemente el tono de la piel y \u00e1cidos frutales que suavizan la textura rugosa.<\/span><\/li>\n<li class=\"Z1qcYe\" data-sfc-cp=\"\" data-sfc-root=\"c\" data-sfc-cb=\"\" data-hveid=\"CAEIBRAC\" data-complete=\"true\" data-sae=\"\"><span class=\"T286Pc\" data-sfc-cp=\"\" data-sfc-root=\"c\" data-sfc-cb=\"\" data-complete=\"true\" aria-owns=\"action-menu-parent-container\"><strong class=\"Yjhzub\" data-sfc-root=\"c\" data-sfc-cb=\"\" data-complete=\"true\">Brazilian Crush Cheirosa &#8217;40 Perfume Mist (30 ml):<\/strong>\u00a0Una bruma perfumada con notas c\u00e1lidas y florales de ciruela \u00e1mbar negra, flores de jazm\u00edn y maderas de vainilla.<\/span><\/li>\n<\/ul>\n","protected":false},"excerpt":{"rendered":"<p>El\u00a0Sol de Janeiro Bom Dia Bright Jet Set\u00a0es una rutina de tres pasos dise\u00f1ada para iluminar, suavizar y retexturizar la<\/p>\n","protected":false},"featured_media":33921,"comment_status":"open","ping_status":"closed","template":"","meta":{"_monsterinsights_skip_tracking":false,"_monsterinsights_sitenote_active":false,"_monsterinsights_sitenote_note":"","_monsterinsights_sitenote_category":0},"product_cat":[381],"product_tag":[],"_links":{"self":[{"href":"https:\/\/tiendasdyo.com\/index.php\/wp-json\/wp\/v2\/product\/33925"}],"collection":[{"href":"https:\/\/tiendasdyo.com\/index.php\/wp-json\/wp\/v2\/product"}],"about":[{"href":"https:\/\/tiendasdyo.com\/index.php\/wp-json\/wp\/v2\/types\/product"}],"replies":[{"embeddable":true,"href":"https:\/\/tiendasdyo.com\/index.php\/wp-json\/wp\/v2\/comments?post=33925"}],"version-history":[{"count":1,"href":"https:\/\/tiendasdyo.com\/index.php\/wp-json\/wp\/v2\/product\/33925\/revisions"}],"predecessor-version":[{"id":33926,"href":"https:\/\/tiendasdyo.com\/index.php\/wp-json\/wp\/v2\/product\/33925\/revisions\/33926"}],"wp:featuredmedia":[{"embeddable":true,"href":"https:\/\/tiendasdyo.com\/index.php\/wp-json\/wp\/v2\/media\/33921"}],"wp:attachment":[{"href":"https:\/\/tiendasdyo.com\/index.php\/wp-json\/wp\/v2\/media?parent=33925"}],"wp:term":[{"taxonomy":"product_cat","embeddable":true,"href":"https:\/\/tiendasdyo.com\/index.php\/wp-json\/wp\/v2\/product_cat?post=33925"},{"taxonomy":"product_tag","embeddable":true,"href":"https:\/\/tiendasdyo.com\/index.php\/wp-json\/wp\/v2\/product_tag?post=33925"}],"curies":[{"name":"wp","href":"https:\/\/api.w.org\/{rel}","templated":true}]}}