{"id":33928,"date":"2026-04-28T22:10:03","date_gmt":"2026-04-28T20:10:03","guid":{"rendered":"https:\/\/tiendasdyo.com\/?post_type=product&#038;p=33928"},"modified":"2026-04-28T22:19:27","modified_gmt":"2026-04-28T20:19:27","slug":"bombshell-passion-victorias-secret","status":"publish","type":"product","link":"https:\/\/tiendasdyo.com\/index.php\/product\/bombshell-passion-victorias-secret\/","title":{"rendered":"BOMBSHELL PASSION VICTORIA`S SECRET"},"content":{"rendered":"<div class=\"n6owBd awi2gc\" data-sfc-cp=\"\" data-sfc-root=\"c\" data-sfc-cb=\"\" data-hveid=\"CAEIAhAA\" data-complete=\"true\" data-processed=\"true\"><span data-subtree=\"aimfl\" data-processed=\"true\">La\u00a0<\/span><strong class=\"Yjhzub\" data-sfc-root=\"c\" data-sfc-cb=\"\" data-complete=\"true\" data-processed=\"true\">Victoria&#8217;s Secret Bombshell Passion Fine Fragrance Lotion<\/strong>\u00a0se caracteriza por ser una loci\u00f3n nutritiva de r\u00e1pida absorci\u00f3n que deja la piel suave y delicadamente perfumada. Estas son sus especificaciones principales:<button class=\"rBl3me\" tabindex=\"0\" data-amic=\"true\" data-icl-uuid=\"c69c4f3b-1457-487f-8040-fdf76e5a3c59\" aria-label=\"Ver v\u00ednculos relacionados\" data-wiz-attrbind=\"disabled=E6x5hf_i\/C5gNJc;aria-label=E6x5hf_i\/bOjMyf;class=E6x5hf_i\/UpSNec\" data-ved=\"2ahUKEwjp5K2Cr5GUAxXwSDABHV0uIdwQye0OegYIAQgCEAE\" data-hveid=\"CAEIAhAB\"><\/button><\/div>\n<div class=\"Fsg96\" data-sfc-cp=\"\" data-sfc-root=\"c\" data-sfc-cb=\"\" data-complete=\"true\" data-processed=\"true\"><\/div>\n<div class=\"otQkpb\" role=\"heading\" aria-level=\"3\" data-animation-nesting=\"\" data-sfc-cp=\"\" data-sfc-root=\"c\" data-sfc-cb=\"\" data-complete=\"true\" data-processed=\"true\" data-sae=\"\"><strong class=\"Yjhzub\" data-sfc-root=\"c\" data-sfc-cb=\"\" data-complete=\"true\">Perfil Arom\u00e1tico<\/strong><button class=\"rBl3me\" tabindex=\"0\" data-amic=\"true\" data-icl-uuid=\"414140ce-b1f8-4bcf-a155-e72d72fb9de3\" aria-label=\"Ver v\u00ednculos relacionados\" data-wiz-attrbind=\"disabled=E6x5hf_o\/C5gNJc;aria-label=E6x5hf_o\/bOjMyf;class=E6x5hf_o\/UpSNec\" data-ved=\"2ahUKEwjp5K2Cr5GUAxXwSDABHV0uIdwQye0OegYIAQgDEAA\" data-hveid=\"CAEIAxAA\"><\/button><\/div>\n<ul class=\"KsbFXc U6u95\" data-sfc-root=\"c\" data-sfc-cb=\"\" data-complete=\"true\" data-processed=\"true\">\n<li class=\"Z1qcYe\" data-sfc-cp=\"\" data-sfc-root=\"c\" data-sfc-cb=\"\" data-hveid=\"CAEIBBAA\" data-complete=\"true\" data-sae=\"\"><span class=\"T286Pc\" data-sfc-cp=\"\" data-sfc-root=\"c\" data-sfc-cb=\"\" data-complete=\"true\"><strong class=\"Yjhzub\" data-sfc-root=\"c\" data-sfc-cb=\"\" data-complete=\"true\">Tipo de fragancia:<\/strong>\u00a0Floral.<\/span><\/li>\n<li class=\"Z1qcYe\" data-sfc-cp=\"\" data-sfc-root=\"c\" data-sfc-cb=\"\" data-hveid=\"CAEIBBAB\" data-complete=\"true\" data-sae=\"\"><span class=\"T286Pc\" data-sfc-cp=\"\" data-sfc-root=\"c\" data-sfc-cb=\"\" data-complete=\"true\"><strong class=\"Yjhzub\" data-sfc-root=\"c\" data-sfc-cb=\"\" data-complete=\"true\">Notas principales:<\/strong>\u00a0Una mezcla vibrante de\u00a0<strong class=\"Yjhzub\" data-sfc-root=\"c\" data-sfc-cb=\"\" data-complete=\"true\">cassis resplandeciente<\/strong>,\u00a0<strong class=\"Yjhzub\" data-sfc-root=\"c\" data-sfc-cb=\"\" data-complete=\"true\">peon\u00eda reina<\/strong>\u00a0y\u00a0<strong class=\"Yjhzub\" data-sfc-root=\"c\" data-sfc-cb=\"\" data-complete=\"true\">rosa fucsia<\/strong>.<\/span><\/li>\n<li class=\"Z1qcYe\" data-sfc-cp=\"\" data-sfc-root=\"c\" data-sfc-cb=\"\" data-hveid=\"CAEIBBAC\" data-complete=\"true\" data-sae=\"\"><span class=\"T286Pc\" data-sfc-cp=\"\" data-sfc-root=\"c\" data-sfc-cb=\"\" data-complete=\"true\" aria-owns=\"action-menu-parent-container\"><strong class=\"Yjhzub\" data-sfc-root=\"c\" data-sfc-cb=\"\" data-complete=\"true\">Estilo:<\/strong>\u00a0Descrita como una fragancia \u00abindomable y vibrante\u00bb, dise\u00f1ada para transmitir una actitud feroz y apasionada.<\/span><\/li>\n<\/ul>\n","protected":false},"excerpt":{"rendered":"<p>La\u00a0Victoria&#8217;s Secret Bombshell Passion Fine Fragrance Lotion\u00a0se caracteriza por ser una loci\u00f3n nutritiva de r\u00e1pida absorci\u00f3n que deja la piel<\/p>\n","protected":false},"featured_media":33930,"comment_status":"open","ping_status":"closed","template":"","meta":{"_monsterinsights_skip_tracking":false,"_monsterinsights_sitenote_active":false,"_monsterinsights_sitenote_note":"","_monsterinsights_sitenote_category":0},"product_cat":[380],"product_tag":[],"_links":{"self":[{"href":"https:\/\/tiendasdyo.com\/index.php\/wp-json\/wp\/v2\/product\/33928"}],"collection":[{"href":"https:\/\/tiendasdyo.com\/index.php\/wp-json\/wp\/v2\/product"}],"about":[{"href":"https:\/\/tiendasdyo.com\/index.php\/wp-json\/wp\/v2\/types\/product"}],"replies":[{"embeddable":true,"href":"https:\/\/tiendasdyo.com\/index.php\/wp-json\/wp\/v2\/comments?post=33928"}],"version-history":[{"count":1,"href":"https:\/\/tiendasdyo.com\/index.php\/wp-json\/wp\/v2\/product\/33928\/revisions"}],"predecessor-version":[{"id":33942,"href":"https:\/\/tiendasdyo.com\/index.php\/wp-json\/wp\/v2\/product\/33928\/revisions\/33942"}],"wp:featuredmedia":[{"embeddable":true,"href":"https:\/\/tiendasdyo.com\/index.php\/wp-json\/wp\/v2\/media\/33930"}],"wp:attachment":[{"href":"https:\/\/tiendasdyo.com\/index.php\/wp-json\/wp\/v2\/media?parent=33928"}],"wp:term":[{"taxonomy":"product_cat","embeddable":true,"href":"https:\/\/tiendasdyo.com\/index.php\/wp-json\/wp\/v2\/product_cat?post=33928"},{"taxonomy":"product_tag","embeddable":true,"href":"https:\/\/tiendasdyo.com\/index.php\/wp-json\/wp\/v2\/product_tag?post=33928"}],"curies":[{"name":"wp","href":"https:\/\/api.w.org\/{rel}","templated":true}]}}