{"id":33943,"date":"2026-04-28T22:21:59","date_gmt":"2026-04-28T20:21:59","guid":{"rendered":"https:\/\/tiendasdyo.com\/?post_type=product&#038;p=33943"},"modified":"2026-04-28T22:23:26","modified_gmt":"2026-04-28T20:23:26","slug":"bombshell-victorias-secret","status":"publish","type":"product","link":"https:\/\/tiendasdyo.com\/index.php\/product\/bombshell-victorias-secret\/","title":{"rendered":"BOMBSHELL VICTORIA`S SECRET"},"content":{"rendered":"<div class=\"n6owBd awi2gc\" data-sfc-cp=\"\" data-sfc-root=\"c\" data-sfc-cb=\"\" data-hveid=\"CAEIAhAA\" data-complete=\"true\" data-processed=\"true\">\n<p><span data-subtree=\"aimfl\" data-processed=\"true\">La\u00a0<\/span><strong class=\"Yjhzub\" data-sfc-root=\"c\" data-sfc-cb=\"\" data-complete=\"true\" data-processed=\"true\">Victoria&#8217;s Secret Bombshell Fine Fragrance Mist<\/strong>\u00a0es la fragancia m\u00e1s ic\u00f3nica de la marca en Estados Unidos, dise\u00f1ada para ser una versi\u00f3n ligera y refrescante del perfume original.<span class=\"uJ19be notranslate\" data-sfc-root=\"c\" data-wiz-uids=\"jE1Jrf_j,jE1Jrf_k\" data-sfc-cb=\"\" data-complete=\"true\" data-processed=\"true\"><span class=\"vKEkVd\" data-animation-atomic=\"\" data-wiz-attrbind=\"class=jE1Jrf_i\/TKHnVd\" data-sae=\"\"><span aria-hidden=\"true\">\u00a0<\/span><button class=\"rBl3me IWyTpf pjvauc\" tabindex=\"0\" data-amic=\"true\" data-icl-uuid=\"fad5bb0a-c7b4-4a62-bd78-a517036ff6df\" aria-label=\"Victoria\u2019s Secret Australia (m\u00e1s de 1) - Ver v\u00ednculos relacionados\" data-wiz-attrbind=\"disabled=jE1Jrf_i\/C5gNJc;aria-label=jE1Jrf_i\/bOjMyf;class=jE1Jrf_i\/UpSNec\" data-ved=\"2ahUKEwiqu8XPr5GUAxVrRTABHVL2KKwQye0OegYIAQgCEAE\" data-hveid=\"CAEIAhAB\"><\/button><\/span><\/span><\/p>\n<\/div>\n<div class=\"Fsg96\" data-sfc-cp=\"\" data-sfc-root=\"c\" data-sfc-cb=\"\" data-complete=\"true\" data-processed=\"true\"><\/div>\n<div class=\"otQkpb\" role=\"heading\" aria-level=\"3\" data-animation-nesting=\"\" data-sfc-cp=\"\" data-sfc-root=\"c\" data-sfc-cb=\"\" data-processed=\"true\" data-sae=\"\" data-complete=\"true\">Perfil Olfativo<button class=\"rBl3me\" tabindex=\"0\" data-amic=\"true\" data-icl-uuid=\"7209a23b-f79c-4625-891d-2e0f8ae4aff1\" aria-label=\"Ver v\u00ednculos relacionados\" data-wiz-attrbind=\"disabled=jE1Jrf_q\/C5gNJc;aria-label=jE1Jrf_q\/bOjMyf;class=jE1Jrf_q\/UpSNec\" data-ved=\"2ahUKEwiqu8XPr5GUAxVrRTABHVL2KKwQye0OegYIAQgDEAA\" data-hveid=\"CAEIAxAA\"><\/button><\/div>\n<div class=\"n6owBd awi2gc\" data-sfc-cp=\"\" data-sfc-root=\"c\" data-sfc-cb=\"\" data-hveid=\"CAEIBBAA\" data-complete=\"true\" data-processed=\"true\">\n<p>Esta bruma pertenece a la familia\u00a0<strong class=\"Yjhzub\" data-sfc-root=\"c\" data-sfc-cb=\"\" data-complete=\"true\" data-processed=\"true\">floral frutal<\/strong>\u00a0y se caracteriza por una mezcla vibrante de notas ex\u00f3ticas y flores frescas:<span class=\"uJ19be notranslate\" data-sfc-root=\"c\" data-wiz-uids=\"jE1Jrf_w,jE1Jrf_x\" data-sfc-cb=\"\" data-complete=\"true\" data-processed=\"true\"><span class=\"vKEkVd\" data-animation-atomic=\"\" data-wiz-attrbind=\"class=jE1Jrf_v\/TKHnVd\" data-sae=\"\"><span aria-hidden=\"true\">\u00a0<\/span><button class=\"rBl3me IWyTpf pjvauc\" tabindex=\"0\" data-amic=\"true\" data-icl-uuid=\"2ae079b5-2c75-497d-a65f-d7f094238281\" aria-label=\"Victoria's Secret (m\u00e1s de 1) - Ver v\u00ednculos relacionados\" data-wiz-attrbind=\"disabled=jE1Jrf_v\/C5gNJc;aria-label=jE1Jrf_v\/bOjMyf;class=jE1Jrf_v\/UpSNec\" data-ved=\"2ahUKEwiqu8XPr5GUAxVrRTABHVL2KKwQye0OegYIAQgEEAE\" data-hveid=\"CAEIBBAB\"><\/button><\/span><\/span><\/p>\n<\/div>\n<ul class=\"KsbFXc U6u95\" data-sfc-root=\"c\" data-sfc-cb=\"\" data-complete=\"true\" data-processed=\"true\">\n<li class=\"Z1qcYe\" data-sfc-cp=\"\" data-sfc-root=\"c\" data-sfc-cb=\"\" data-hveid=\"CAEIBRAA\" data-complete=\"true\" data-sae=\"\"><span class=\"T286Pc\" data-sfc-cp=\"\" data-sfc-root=\"c\" data-sfc-cb=\"\" data-complete=\"true\"><strong class=\"Yjhzub\" data-sfc-root=\"c\" data-sfc-cb=\"\" data-complete=\"true\">Notas de salida:<\/strong>\u00a0Maracuy\u00e1 morado brasile\u00f1o, toronja, pi\u00f1a, naranja tangerina y fresa.<\/span><\/li>\n<li class=\"Z1qcYe\" data-sfc-cp=\"\" data-sfc-root=\"c\" data-sfc-cb=\"\" data-hveid=\"CAEIBRAB\" data-complete=\"true\" data-sae=\"\"><span class=\"T286Pc\" data-sfc-cp=\"\" data-sfc-root=\"c\" data-sfc-cb=\"\" data-complete=\"true\"><strong class=\"Yjhzub\" data-sfc-root=\"c\" data-sfc-cb=\"\" data-complete=\"true\">Notas de coraz\u00f3n:<\/strong>\u00a0Peon\u00eda Shangri-La (su flor insignia), orqu\u00eddea de vainilla, bayas rojas, jazm\u00edn y lirio de los valles.<\/span><\/li>\n<li class=\"Z1qcYe\" data-sfc-cp=\"\" data-sfc-root=\"c\" data-sfc-cb=\"\" data-hveid=\"CAEIBRAC\" data-complete=\"true\" data-sae=\"\"><span class=\"T286Pc\" data-sfc-cp=\"\" data-sfc-root=\"c\" data-sfc-cb=\"\" data-complete=\"true\" aria-owns=\"action-menu-parent-container\"><strong class=\"Yjhzub\" data-sfc-root=\"c\" data-sfc-cb=\"\" data-complete=\"true\">Notas de fondo:<\/strong>\u00a0Almizcle, notas amaderadas, musgo de roble y un toque de pino italiano que aporta frescura.<\/span><\/li>\n<\/ul>\n","protected":false},"excerpt":{"rendered":"<p>La\u00a0Victoria&#8217;s Secret Bombshell Fine Fragrance Mist\u00a0es la fragancia m\u00e1s ic\u00f3nica de la marca en Estados Unidos, dise\u00f1ada para ser una<\/p>\n","protected":false},"featured_media":33941,"comment_status":"open","ping_status":"closed","template":"","meta":{"_monsterinsights_skip_tracking":false,"_monsterinsights_sitenote_active":false,"_monsterinsights_sitenote_note":"","_monsterinsights_sitenote_category":0},"product_cat":[380],"product_tag":[],"_links":{"self":[{"href":"https:\/\/tiendasdyo.com\/index.php\/wp-json\/wp\/v2\/product\/33943"}],"collection":[{"href":"https:\/\/tiendasdyo.com\/index.php\/wp-json\/wp\/v2\/product"}],"about":[{"href":"https:\/\/tiendasdyo.com\/index.php\/wp-json\/wp\/v2\/types\/product"}],"replies":[{"embeddable":true,"href":"https:\/\/tiendasdyo.com\/index.php\/wp-json\/wp\/v2\/comments?post=33943"}],"version-history":[{"count":2,"href":"https:\/\/tiendasdyo.com\/index.php\/wp-json\/wp\/v2\/product\/33943\/revisions"}],"predecessor-version":[{"id":33945,"href":"https:\/\/tiendasdyo.com\/index.php\/wp-json\/wp\/v2\/product\/33943\/revisions\/33945"}],"wp:featuredmedia":[{"embeddable":true,"href":"https:\/\/tiendasdyo.com\/index.php\/wp-json\/wp\/v2\/media\/33941"}],"wp:attachment":[{"href":"https:\/\/tiendasdyo.com\/index.php\/wp-json\/wp\/v2\/media?parent=33943"}],"wp:term":[{"taxonomy":"product_cat","embeddable":true,"href":"https:\/\/tiendasdyo.com\/index.php\/wp-json\/wp\/v2\/product_cat?post=33943"},{"taxonomy":"product_tag","embeddable":true,"href":"https:\/\/tiendasdyo.com\/index.php\/wp-json\/wp\/v2\/product_tag?post=33943"}],"curies":[{"name":"wp","href":"https:\/\/api.w.org\/{rel}","templated":true}]}}