{"id":33956,"date":"2026-04-28T23:20:05","date_gmt":"2026-04-28T21:20:05","guid":{"rendered":"https:\/\/tiendasdyo.com\/?post_type=product&#038;p=33956"},"modified":"2026-04-28T23:20:06","modified_gmt":"2026-04-28T21:20:06","slug":"bombshell-intense-victorias-secret","status":"publish","type":"product","link":"https:\/\/tiendasdyo.com\/index.php\/product\/bombshell-intense-victorias-secret\/","title":{"rendered":"BOMBSHELL INTENSE VICTORIA`S SECRET"},"content":{"rendered":"<div class=\"n6owBd awi2gc\" data-sfc-cp=\"\" data-sfc-root=\"c\" data-sfc-cb=\"\" data-hveid=\"CAEIAhAA\" data-complete=\"true\" data-processed=\"true\"><span data-subtree=\"aimfl\" data-processed=\"true\">La loci\u00f3n\u00a0<\/span><strong class=\"Yjhzub\" data-sfc-root=\"c\" data-sfc-cb=\"\" data-complete=\"true\" data-processed=\"true\">Victoria&#8217;s Secret Bombshell Intense<\/strong>\u00a0es una f\u00f3rmula nutritiva de 250 ml dise\u00f1ada para proporcionar una hidrataci\u00f3n profunda y un aroma duradero.<button class=\"rBl3me\" tabindex=\"0\" data-amic=\"true\" data-icl-uuid=\"e4e474fa-348b-43c5-bafe-3c6ca2bde6cd\" aria-label=\"Ver v\u00ednculos relacionados\" data-wiz-attrbind=\"disabled=tUHH6_i\/C5gNJc;aria-label=tUHH6_i\/bOjMyf;class=tUHH6_i\/UpSNec\" data-ved=\"2ahUKEwjz3qvRvJGUAxWYQzABHRLgG6cQye0OegYIAQgCEAE\" data-hveid=\"CAEIAhAB\"><\/button><\/div>\n<div class=\"Fsg96\" data-sfc-cp=\"\" data-sfc-root=\"c\" data-sfc-cb=\"\" data-complete=\"true\" data-processed=\"true\"><\/div>\n<div class=\"otQkpb\" role=\"heading\" aria-level=\"3\" data-animation-nesting=\"\" data-sfc-cp=\"\" data-sfc-root=\"c\" data-sfc-cb=\"\" data-complete=\"true\" data-processed=\"true\" data-sae=\"\"><strong class=\"Yjhzub\" data-sfc-root=\"c\" data-sfc-cb=\"\" data-complete=\"true\">Perfil del Aroma<\/strong><button class=\"rBl3me\" tabindex=\"0\" data-amic=\"true\" data-icl-uuid=\"c7a344d3-4f01-42a8-b1d3-cbb311d50c9f\" aria-label=\"Ver v\u00ednculos relacionados\" data-wiz-attrbind=\"disabled=tUHH6_o\/C5gNJc;aria-label=tUHH6_o\/bOjMyf;class=tUHH6_o\/UpSNec\" data-ved=\"2ahUKEwjz3qvRvJGUAxWYQzABHRLgG6cQye0OegYIAQgDEAA\" data-hveid=\"CAEIAxAA\"><\/button><\/div>\n<div class=\"n6owBd awi2gc\" data-sfc-cp=\"\" data-sfc-root=\"c\" data-sfc-cb=\"\" data-hveid=\"CAEIBBAA\" data-complete=\"true\" data-processed=\"true\">Esta fragancia se clasifica como\u00a0<strong class=\"Yjhzub\" data-sfc-root=\"c\" data-sfc-cb=\"\" data-complete=\"true\" data-processed=\"true\">Chypre Frutal Floral<\/strong>\u00a0y presenta una mezcla decadente de tres notas principales:<button class=\"rBl3me\" tabindex=\"0\" data-amic=\"true\" data-icl-uuid=\"f03436bc-1347-41aa-8e5d-bc26434c203b\" aria-label=\"Ver v\u00ednculos relacionados\" data-wiz-attrbind=\"disabled=tUHH6_t\/C5gNJc;aria-label=tUHH6_t\/bOjMyf;class=tUHH6_t\/UpSNec\" data-ved=\"2ahUKEwjz3qvRvJGUAxWYQzABHRLgG6cQye0OegYIAQgEEAE\" data-hveid=\"CAEIBBAB\"><\/button><\/div>\n<ul class=\"KsbFXc U6u95\" data-sfc-root=\"c\" data-sfc-cb=\"\" data-complete=\"true\" data-processed=\"true\">\n<li class=\"Z1qcYe\" data-sfc-cp=\"\" data-sfc-root=\"c\" data-sfc-cb=\"\" data-hveid=\"CAEIBRAA\" data-complete=\"true\" data-sae=\"\"><span class=\"T286Pc\" data-sfc-cp=\"\" data-sfc-root=\"c\" data-sfc-cb=\"\" data-complete=\"true\"><strong class=\"Yjhzub\" data-sfc-root=\"c\" data-sfc-cb=\"\" data-complete=\"true\">Salida:<\/strong>\u00a0Cereza exuberante y brillante.<\/span><\/li>\n<li class=\"Z1qcYe\" data-sfc-cp=\"\" data-sfc-root=\"c\" data-sfc-cb=\"\" data-hveid=\"CAEIBRAB\" data-complete=\"true\" data-sae=\"\"><span class=\"T286Pc\" data-sfc-cp=\"\" data-sfc-root=\"c\" data-sfc-cb=\"\" data-complete=\"true\"><strong class=\"Yjhzub\" data-sfc-root=\"c\" data-sfc-cb=\"\" data-complete=\"true\">Coraz\u00f3n:<\/strong>\u00a0Peon\u00eda roja aterciopelada.<\/span><\/li>\n<li class=\"Z1qcYe\" data-sfc-cp=\"\" data-sfc-root=\"c\" data-sfc-cb=\"\" data-hveid=\"CAEIBRAC\" data-complete=\"true\" data-sae=\"\"><span class=\"T286Pc\" data-sfc-cp=\"\" data-sfc-root=\"c\" data-sfc-cb=\"\" data-complete=\"true\"><strong class=\"Yjhzub\" data-sfc-root=\"c\" data-sfc-cb=\"\" data-complete=\"true\">Fondo:<\/strong>\u00a0Vainilla sensual y c\u00e1lida.<\/span><span class=\"uJ19be notranslate\" data-sfc-root=\"c\" data-wiz-uids=\"tUHH6_17,tUHH6_18\" data-sfc-cb=\"\" data-complete=\"true\"><span class=\"vKEkVd\" data-animation-atomic=\"\" data-wiz-attrbind=\"class=tUHH6_16\/TKHnVd\" data-sae=\"\"><span aria-hidden=\"true\" aria-owns=\"action-menu-parent-container\">\u00a0<\/span><\/span><\/span><\/li>\n<\/ul>\n","protected":false},"excerpt":{"rendered":"<p>La loci\u00f3n\u00a0Victoria&#8217;s Secret Bombshell Intense\u00a0es una f\u00f3rmula nutritiva de 250 ml dise\u00f1ada para proporcionar una hidrataci\u00f3n profunda y un aroma<\/p>\n","protected":false},"featured_media":33932,"comment_status":"open","ping_status":"closed","template":"","meta":{"_monsterinsights_skip_tracking":false,"_monsterinsights_sitenote_active":false,"_monsterinsights_sitenote_note":"","_monsterinsights_sitenote_category":0},"product_cat":[380],"product_tag":[],"_links":{"self":[{"href":"https:\/\/tiendasdyo.com\/index.php\/wp-json\/wp\/v2\/product\/33956"}],"collection":[{"href":"https:\/\/tiendasdyo.com\/index.php\/wp-json\/wp\/v2\/product"}],"about":[{"href":"https:\/\/tiendasdyo.com\/index.php\/wp-json\/wp\/v2\/types\/product"}],"replies":[{"embeddable":true,"href":"https:\/\/tiendasdyo.com\/index.php\/wp-json\/wp\/v2\/comments?post=33956"}],"version-history":[{"count":1,"href":"https:\/\/tiendasdyo.com\/index.php\/wp-json\/wp\/v2\/product\/33956\/revisions"}],"predecessor-version":[{"id":33957,"href":"https:\/\/tiendasdyo.com\/index.php\/wp-json\/wp\/v2\/product\/33956\/revisions\/33957"}],"wp:featuredmedia":[{"embeddable":true,"href":"https:\/\/tiendasdyo.com\/index.php\/wp-json\/wp\/v2\/media\/33932"}],"wp:attachment":[{"href":"https:\/\/tiendasdyo.com\/index.php\/wp-json\/wp\/v2\/media?parent=33956"}],"wp:term":[{"taxonomy":"product_cat","embeddable":true,"href":"https:\/\/tiendasdyo.com\/index.php\/wp-json\/wp\/v2\/product_cat?post=33956"},{"taxonomy":"product_tag","embeddable":true,"href":"https:\/\/tiendasdyo.com\/index.php\/wp-json\/wp\/v2\/product_tag?post=33956"}],"curies":[{"name":"wp","href":"https:\/\/api.w.org\/{rel}","templated":true}]}}