{"id":808,"date":"2024-04-17T22:50:05","date_gmt":"2024-04-17T20:50:05","guid":{"rendered":"https:\/\/tiendasdyo.com\/?post_type=product&#038;p=808"},"modified":"2025-05-16T18:08:40","modified_gmt":"2025-05-16T16:08:40","slug":"warm-vanilla-sugar","status":"publish","type":"product","link":"https:\/\/tiendasdyo.com\/index.php\/product\/warm-vanilla-sugar\/","title":{"rendered":"WARM VANILLA SUGAR"},"content":{"rendered":"<h4>A qu\u00e9 huele: disfrutar de un dulce irresistiblemente cremoso en tu cachemir m\u00e1s acogedor.<\/h4>\n<h4>Notas de fragancia: vainilla embriagadora, orqu\u00eddea blanca, az\u00facar espumoso, jazm\u00edn fresco y s\u00e1ndalo cremoso.<\/h4>\n<h4>236 ml\/ 8 oz<\/h4>\n","protected":false},"excerpt":{"rendered":"<p>A qu\u00e9 huele: disfrutar de un dulce irresistiblemente cremoso en tu cachemir m\u00e1s acogedor. Notas de fragancia: vainilla embriagadora, orqu\u00eddea<\/p>\n","protected":false},"featured_media":809,"comment_status":"open","ping_status":"closed","template":"","meta":{"_monsterinsights_skip_tracking":false,"_monsterinsights_sitenote_active":false,"_monsterinsights_sitenote_note":"","_monsterinsights_sitenote_category":0},"product_cat":[57],"product_tag":[],"_links":{"self":[{"href":"https:\/\/tiendasdyo.com\/index.php\/wp-json\/wp\/v2\/product\/808"}],"collection":[{"href":"https:\/\/tiendasdyo.com\/index.php\/wp-json\/wp\/v2\/product"}],"about":[{"href":"https:\/\/tiendasdyo.com\/index.php\/wp-json\/wp\/v2\/types\/product"}],"replies":[{"embeddable":true,"href":"https:\/\/tiendasdyo.com\/index.php\/wp-json\/wp\/v2\/comments?post=808"}],"version-history":[{"count":1,"href":"https:\/\/tiendasdyo.com\/index.php\/wp-json\/wp\/v2\/product\/808\/revisions"}],"predecessor-version":[{"id":27752,"href":"https:\/\/tiendasdyo.com\/index.php\/wp-json\/wp\/v2\/product\/808\/revisions\/27752"}],"wp:featuredmedia":[{"embeddable":true,"href":"https:\/\/tiendasdyo.com\/index.php\/wp-json\/wp\/v2\/media\/809"}],"wp:attachment":[{"href":"https:\/\/tiendasdyo.com\/index.php\/wp-json\/wp\/v2\/media?parent=808"}],"wp:term":[{"taxonomy":"product_cat","embeddable":true,"href":"https:\/\/tiendasdyo.com\/index.php\/wp-json\/wp\/v2\/product_cat?post=808"},{"taxonomy":"product_tag","embeddable":true,"href":"https:\/\/tiendasdyo.com\/index.php\/wp-json\/wp\/v2\/product_tag?post=808"}],"curies":[{"name":"wp","href":"https:\/\/api.w.org\/{rel}","templated":true}]}}